{"id":535,"date":"2022-11-24T20:48:54","date_gmt":"2022-11-24T20:48:54","guid":{"rendered":"https:\/\/fumorg.com\/?page_id=535"},"modified":"2022-11-25T22:05:11","modified_gmt":"2022-11-25T22:05:11","slug":"eventos","status":"publish","type":"page","link":"https:\/\/fumorg.com\/en\/eventos\/","title":{"rendered":"Events"},"content":{"rendered":"<div data-elementor-type=\"wp-page\" data-elementor-id=\"535\" class=\"elementor elementor-535\" data-elementor-post-type=\"page\">\n\t\t\t\t\t\t<section class=\"elementor-section elementor-top-section elementor-element elementor-element-90c8da9 elementor-section-full_width elementor-section-content-middle elementor-section-height-default elementor-section-height-default\" data-id=\"90c8da9\" data-element_type=\"section\" data-e-type=\"section\" data-settings=\"{&quot;background_background&quot;:&quot;classic&quot;}\">\n\t\t\t\t\t\t\t<div class=\"elementor-background-overlay\"><\/div>\n\t\t\t\t\t\t\t<div class=\"elementor-container elementor-column-gap-no\">\n\t\t\t\t\t<div class=\"elementor-column elementor-col-100 elementor-top-column elementor-element elementor-element-870cde3\" data-id=\"870cde3\" data-element_type=\"column\" data-e-type=\"column\">\n\t\t\t<div class=\"elementor-widget-wrap elementor-element-populated\">\n\t\t\t\t\t\t<div class=\"elementor-element elementor-element-70775b2 elementor-widget elementor-widget-heading\" data-id=\"70775b2\" data-element_type=\"widget\" data-e-type=\"widget\" data-widget_type=\"heading.default\">\n\t\t\t\t<div class=\"elementor-widget-container\">\n\t\t\t\t\t<h2 class=\"elementor-heading-title elementor-size-default\">Events<\/h2>\t\t\t\t<\/div>\n\t\t\t\t<\/div>\n\t\t\t\t\t<\/div>\n\t\t<\/div>\n\t\t\t\t\t<\/div>\n\t\t<\/section>\n\t\t\t\t<section class=\"elementor-section elementor-top-section elementor-element elementor-element-7bdb630 elementor-section-boxed elementor-section-height-default elementor-section-height-default\" data-id=\"7bdb630\" data-element_type=\"section\" data-e-type=\"section\">\n\t\t\t\t\t\t<div class=\"elementor-container elementor-column-gap-wide\">\n\t\t\t\t\t<div class=\"elementor-column elementor-col-25 elementor-top-column elementor-element elementor-element-3857f7a\" data-id=\"3857f7a\" data-element_type=\"column\" data-e-type=\"column\">\n\t\t\t<div class=\"elementor-widget-wrap elementor-element-populated\">\n\t\t\t\t\t\t<div class=\"elementor-element elementor-element-07c01be elementor-position-top elementor-invisible elementor-widget elementor-widget-image-box\" data-id=\"07c01be\" data-element_type=\"widget\" data-e-type=\"widget\" data-settings=\"{&quot;_animation&quot;:&quot;fadeInUp&quot;}\" data-widget_type=\"image-box.default\">\n\t\t\t\t<div class=\"elementor-widget-container\">\n\t\t\t\t\t<div class=\"elementor-image-box-wrapper\"><figure class=\"elementor-image-box-img\"><img fetchpriority=\"high\" decoding=\"async\" width=\"335\" height=\"335\" src=\"https:\/\/fumorg.com\/wp-content\/uploads\/2022\/11\/Untitled333-min.png\" class=\"attachment-full size-full wp-image-539\" alt=\"\" srcset=\"https:\/\/fumorg.com\/wp-content\/uploads\/2022\/11\/Untitled333-min.png 335w, https:\/\/fumorg.com\/wp-content\/uploads\/2022\/11\/Untitled333-min-300x300.png 300w, https:\/\/fumorg.com\/wp-content\/uploads\/2022\/11\/Untitled333-min-150x150.png 150w\" sizes=\"(max-width: 335px) 100vw, 335px\" \/><\/figure><div class=\"elementor-image-box-content\"><h3 class=\"elementor-image-box-title\">Awards 2022<\/h3><p class=\"elementor-image-box-description\">Presentation of awards to individuals or businesses that have contributed and helped the community in different ways.<\/p><\/div><\/div>\t\t\t\t<\/div>\n\t\t\t\t<\/div>\n\t\t\t\t\t<\/div>\n\t\t<\/div>\n\t\t\t\t<div class=\"elementor-column elementor-col-25 elementor-top-column elementor-element elementor-element-79d659b\" data-id=\"79d659b\" data-element_type=\"column\" data-e-type=\"column\">\n\t\t\t<div class=\"elementor-widget-wrap elementor-element-populated\">\n\t\t\t\t\t\t<div class=\"elementor-element elementor-element-e6a3c56 elementor-position-top elementor-invisible elementor-widget elementor-widget-image-box\" data-id=\"e6a3c56\" data-element_type=\"widget\" data-e-type=\"widget\" data-settings=\"{&quot;_animation&quot;:&quot;fadeInUp&quot;}\" data-widget_type=\"image-box.default\">\n\t\t\t\t<div class=\"elementor-widget-container\">\n\t\t\t\t\t<div class=\"elementor-image-box-wrapper\"><figure class=\"elementor-image-box-img\"><img decoding=\"async\" width=\"335\" height=\"335\" src=\"https:\/\/fumorg.com\/wp-content\/uploads\/2022\/11\/Untitled33-min.png\" class=\"attachment-full size-full wp-image-538\" alt=\"\" srcset=\"https:\/\/fumorg.com\/wp-content\/uploads\/2022\/11\/Untitled33-min.png 335w, https:\/\/fumorg.com\/wp-content\/uploads\/2022\/11\/Untitled33-min-300x300.png 300w, https:\/\/fumorg.com\/wp-content\/uploads\/2022\/11\/Untitled33-min-150x150.png 150w\" sizes=\"(max-width: 335px) 100vw, 335px\" \/><\/figure><div class=\"elementor-image-box-content\"><h3 class=\"elementor-image-box-title\">TPS AND DACA TRAINING<\/h3><p class=\"elementor-image-box-description\">Training for all TPS and DACA beneficiaries, strategy planning.<\/p><\/div><\/div>\t\t\t\t<\/div>\n\t\t\t\t<\/div>\n\t\t\t\t\t<\/div>\n\t\t<\/div>\n\t\t\t\t<div class=\"elementor-column elementor-col-25 elementor-top-column elementor-element elementor-element-49ff2b7\" data-id=\"49ff2b7\" data-element_type=\"column\" data-e-type=\"column\">\n\t\t\t<div class=\"elementor-widget-wrap elementor-element-populated\">\n\t\t\t\t\t\t<div class=\"elementor-element elementor-element-392ad33 elementor-position-top elementor-invisible elementor-widget elementor-widget-image-box\" data-id=\"392ad33\" data-element_type=\"widget\" data-e-type=\"widget\" data-settings=\"{&quot;_animation&quot;:&quot;fadeInUp&quot;}\" data-widget_type=\"image-box.default\">\n\t\t\t\t<div class=\"elementor-widget-container\">\n\t\t\t\t\t<div class=\"elementor-image-box-wrapper\"><figure class=\"elementor-image-box-img\"><img decoding=\"async\" width=\"401\" height=\"401\" src=\"https:\/\/fumorg.com\/wp-content\/uploads\/2022\/11\/Untitled-22-min.png\" class=\"attachment-full size-full wp-image-540\" alt=\"\" srcset=\"https:\/\/fumorg.com\/wp-content\/uploads\/2022\/11\/Untitled-22-min.png 401w, https:\/\/fumorg.com\/wp-content\/uploads\/2022\/11\/Untitled-22-min-300x300.png 300w, https:\/\/fumorg.com\/wp-content\/uploads\/2022\/11\/Untitled-22-min-150x150.png 150w\" sizes=\"(max-width: 401px) 100vw, 401px\" \/><\/figure><div class=\"elementor-image-box-content\"><h3 class=\"elementor-image-box-title\">SEIRN Conference<\/h3><p class=\"elementor-image-box-description\">seeking strategies on how to withstand these difficult times.<\/p><\/div><\/div>\t\t\t\t<\/div>\n\t\t\t\t<\/div>\n\t\t\t\t\t<\/div>\n\t\t<\/div>\n\t\t\t\t<div class=\"elementor-column elementor-col-25 elementor-top-column elementor-element elementor-element-9678e60\" data-id=\"9678e60\" data-element_type=\"column\" data-e-type=\"column\">\n\t\t\t<div class=\"elementor-widget-wrap elementor-element-populated\">\n\t\t\t\t\t\t<div class=\"elementor-element elementor-element-900ece9 elementor-position-top elementor-invisible elementor-widget elementor-widget-image-box\" data-id=\"900ece9\" data-element_type=\"widget\" data-e-type=\"widget\" data-settings=\"{&quot;_animation&quot;:&quot;fadeInUp&quot;}\" data-widget_type=\"image-box.default\">\n\t\t\t\t<div class=\"elementor-widget-container\">\n\t\t\t\t\t<div class=\"elementor-image-box-wrapper\"><figure class=\"elementor-image-box-img\"><img loading=\"lazy\" decoding=\"async\" width=\"335\" height=\"335\" src=\"https:\/\/fumorg.com\/wp-content\/uploads\/2022\/11\/Untitled11-min.png\" class=\"attachment-full size-full wp-image-541\" alt=\"\" srcset=\"https:\/\/fumorg.com\/wp-content\/uploads\/2022\/11\/Untitled11-min.png 335w, https:\/\/fumorg.com\/wp-content\/uploads\/2022\/11\/Untitled11-min-300x300.png 300w, https:\/\/fumorg.com\/wp-content\/uploads\/2022\/11\/Untitled11-min-150x150.png 150w\" sizes=\"(max-width: 335px) 100vw, 335px\" \/><\/figure><div class=\"elementor-image-box-content\"><h3 class=\"elementor-image-box-title\">Empowering ourselves 2022<\/h3><p class=\"elementor-image-box-description\">camp work strategies, seeking the equality of the community.<\/p><\/div><\/div>\t\t\t\t<\/div>\n\t\t\t\t<\/div>\n\t\t\t\t\t<\/div>\n\t\t<\/div>\n\t\t\t\t\t<\/div>\n\t\t<\/section>\n\t\t\t\t<section class=\"elementor-section elementor-top-section elementor-element elementor-element-8f44a80 elementor-section-boxed elementor-section-height-default elementor-section-height-default\" data-id=\"8f44a80\" data-element_type=\"section\" data-e-type=\"section\">\n\t\t\t\t\t\t<div class=\"elementor-container elementor-column-gap-wide\">\n\t\t\t\t\t<div class=\"elementor-column elementor-col-25 elementor-top-column elementor-element elementor-element-4649759\" data-id=\"4649759\" data-element_type=\"column\" data-e-type=\"column\">\n\t\t\t<div class=\"elementor-widget-wrap elementor-element-populated\">\n\t\t\t\t\t\t<div class=\"elementor-element elementor-element-5eb20d2 elementor-position-top elementor-invisible elementor-widget elementor-widget-image-box\" data-id=\"5eb20d2\" data-element_type=\"widget\" data-e-type=\"widget\" data-settings=\"{&quot;_animation&quot;:&quot;fadeInUp&quot;}\" data-widget_type=\"image-box.default\">\n\t\t\t\t<div class=\"elementor-widget-container\">\n\t\t\t\t\t<div class=\"elementor-image-box-wrapper\"><figure class=\"elementor-image-box-img\"><img loading=\"lazy\" decoding=\"async\" width=\"395\" height=\"395\" src=\"https:\/\/fumorg.com\/wp-content\/uploads\/2022\/11\/Untitled00-min.png\" class=\"attachment-full size-full wp-image-542\" alt=\"\" srcset=\"https:\/\/fumorg.com\/wp-content\/uploads\/2022\/11\/Untitled00-min.png 395w, https:\/\/fumorg.com\/wp-content\/uploads\/2022\/11\/Untitled00-min-300x300.png 300w, https:\/\/fumorg.com\/wp-content\/uploads\/2022\/11\/Untitled00-min-150x150.png 150w\" sizes=\"(max-width: 395px) 100vw, 395px\" \/><\/figure><div class=\"elementor-image-box-content\"><h3 class=\"elementor-image-box-title\">HIGHLANDER RESEARCH &amp; EDUCATION CENTER. TN<\/h3><p class=\"elementor-image-box-description\">Working for and by the community.<\/p><\/div><\/div>\t\t\t\t<\/div>\n\t\t\t\t<\/div>\n\t\t\t\t\t<\/div>\n\t\t<\/div>\n\t\t\t\t<div class=\"elementor-column elementor-col-25 elementor-top-column elementor-element elementor-element-4dfd76a\" data-id=\"4dfd76a\" data-element_type=\"column\" data-e-type=\"column\">\n\t\t\t<div class=\"elementor-widget-wrap elementor-element-populated\">\n\t\t\t\t\t\t<div class=\"elementor-element elementor-element-7b6226d elementor-position-top elementor-invisible elementor-widget elementor-widget-image-box\" data-id=\"7b6226d\" data-element_type=\"widget\" data-e-type=\"widget\" data-settings=\"{&quot;_animation&quot;:&quot;fadeInUp&quot;}\" data-widget_type=\"image-box.default\">\n\t\t\t\t<div class=\"elementor-widget-container\">\n\t\t\t\t\t<div class=\"elementor-image-box-wrapper\"><figure class=\"elementor-image-box-img\"><img loading=\"lazy\" decoding=\"async\" width=\"391\" height=\"391\" src=\"https:\/\/fumorg.com\/wp-content\/uploads\/2022\/11\/Untitled0-min.png\" class=\"attachment-full size-full wp-image-543\" alt=\"\" srcset=\"https:\/\/fumorg.com\/wp-content\/uploads\/2022\/11\/Untitled0-min.png 391w, https:\/\/fumorg.com\/wp-content\/uploads\/2022\/11\/Untitled0-min-300x300.png 300w, https:\/\/fumorg.com\/wp-content\/uploads\/2022\/11\/Untitled0-min-150x150.png 150w\" sizes=\"(max-width: 391px) 100vw, 391px\" \/><\/figure><div class=\"elementor-image-box-content\"><h3 class=\"elementor-image-box-title\">The HB370 law was vetated<\/h3><p class=\"elementor-image-box-description\">Unity and perseverance have their rewards.<\/p><\/div><\/div>\t\t\t\t<\/div>\n\t\t\t\t<\/div>\n\t\t\t\t\t<\/div>\n\t\t<\/div>\n\t\t\t\t<div class=\"elementor-column elementor-col-25 elementor-top-column elementor-element elementor-element-e2e813a\" data-id=\"e2e813a\" data-element_type=\"column\" data-e-type=\"column\">\n\t\t\t<div class=\"elementor-widget-wrap elementor-element-populated\">\n\t\t\t\t\t\t<div class=\"elementor-element elementor-element-f6d356d elementor-position-top elementor-invisible elementor-widget elementor-widget-image-box\" data-id=\"f6d356d\" data-element_type=\"widget\" data-e-type=\"widget\" data-settings=\"{&quot;_animation&quot;:&quot;fadeInUp&quot;}\" data-widget_type=\"image-box.default\">\n\t\t\t\t<div class=\"elementor-widget-container\">\n\t\t\t\t\t<div class=\"elementor-image-box-wrapper\"><figure class=\"elementor-image-box-img\"><img loading=\"lazy\" decoding=\"async\" width=\"391\" height=\"391\" src=\"https:\/\/fumorg.com\/wp-content\/uploads\/2022\/11\/Untitled11111-min.png\" class=\"attachment-full size-full wp-image-544\" alt=\"\" srcset=\"https:\/\/fumorg.com\/wp-content\/uploads\/2022\/11\/Untitled11111-min.png 391w, https:\/\/fumorg.com\/wp-content\/uploads\/2022\/11\/Untitled11111-min-300x300.png 300w, https:\/\/fumorg.com\/wp-content\/uploads\/2022\/11\/Untitled11111-min-150x150.png 150w\" sizes=\"(max-width: 391px) 100vw, 391px\" \/><\/figure><div class=\"elementor-image-box-content\"><h3 class=\"elementor-image-box-title\">FUM PRESENT<\/h3><p class=\"elementor-image-box-description\">An event to celebrate and not forget our legacy, Mexico present in our hearts.<\/p><\/div><\/div>\t\t\t\t<\/div>\n\t\t\t\t<\/div>\n\t\t\t\t\t<\/div>\n\t\t<\/div>\n\t\t\t\t<div class=\"elementor-column elementor-col-25 elementor-top-column elementor-element elementor-element-f72747c\" data-id=\"f72747c\" data-element_type=\"column\" data-e-type=\"column\">\n\t\t\t<div class=\"elementor-widget-wrap elementor-element-populated\">\n\t\t\t\t\t\t<div class=\"elementor-element elementor-element-9ea7a93 elementor-position-top elementor-invisible elementor-widget elementor-widget-image-box\" data-id=\"9ea7a93\" data-element_type=\"widget\" data-e-type=\"widget\" data-settings=\"{&quot;_animation&quot;:&quot;fadeInUp&quot;}\" data-widget_type=\"image-box.default\">\n\t\t\t\t<div class=\"elementor-widget-container\">\n\t\t\t\t\t<div class=\"elementor-image-box-wrapper\"><figure class=\"elementor-image-box-img\"><img loading=\"lazy\" decoding=\"async\" width=\"403\" height=\"403\" src=\"https:\/\/fumorg.com\/wp-content\/uploads\/2022\/11\/Untitled888-min.png\" class=\"attachment-full size-full wp-image-545\" alt=\"\" srcset=\"https:\/\/fumorg.com\/wp-content\/uploads\/2022\/11\/Untitled888-min.png 403w, https:\/\/fumorg.com\/wp-content\/uploads\/2022\/11\/Untitled888-min-300x300.png 300w, https:\/\/fumorg.com\/wp-content\/uploads\/2022\/11\/Untitled888-min-150x150.png 150w\" sizes=\"(max-width: 403px) 100vw, 403px\" \/><\/figure><div class=\"elementor-image-box-content\"><h3 class=\"elementor-image-box-title\">NO MORE FEMICIDE<\/h3><p class=\"elementor-image-box-description\">We support the action where they fight for rights, from the Mexican consulate in NC for the victims of FEMENICIDE, FUM present.<\/p><\/div><\/div>\t\t\t\t<\/div>\n\t\t\t\t<\/div>\n\t\t\t\t\t<\/div>\n\t\t<\/div>\n\t\t\t\t\t<\/div>\n\t\t<\/section>\n\t\t\t\t<\/div>","protected":false},"excerpt":{"rendered":"<p>Eventos Reconocimientos 2022 Entrega de reconocimientos a las personas o negocios que han aportado y ayudado de diferentes maneras a la comunidad. ENTRENAMIENTO TPS Y DACA Entrenamiento para todos los beneficiados del TPS y DACA, planeaci\u00f3n de estrategias. Conferencia SEIRN buscando estrategias sobre la resistencia de estos momentos tan dif\u00edciles. Empoder\u00e1ndonos 2022 campamento estrategias de &#8230; <a title=\"Events\" class=\"read-more\" href=\"https:\/\/fumorg.com\/en\/eventos\/\" aria-label=\"Read more about Eventos\">Read more<\/a><\/p>","protected":false},"author":1,"featured_media":0,"parent":0,"menu_order":0,"comment_status":"closed","ping_status":"closed","template":"elementor_header_footer","meta":{"footnotes":""},"class_list":["post-535","page","type-page","status-publish"],"_links":{"self":[{"href":"https:\/\/fumorg.com\/en\/wp-json\/wp\/v2\/pages\/535","targetHints":{"allow":["GET"]}}],"collection":[{"href":"https:\/\/fumorg.com\/en\/wp-json\/wp\/v2\/pages"}],"about":[{"href":"https:\/\/fumorg.com\/en\/wp-json\/wp\/v2\/types\/page"}],"author":[{"embeddable":true,"href":"https:\/\/fumorg.com\/en\/wp-json\/wp\/v2\/users\/1"}],"replies":[{"embeddable":true,"href":"https:\/\/fumorg.com\/en\/wp-json\/wp\/v2\/comments?post=535"}],"version-history":[{"count":73,"href":"https:\/\/fumorg.com\/en\/wp-json\/wp\/v2\/pages\/535\/revisions"}],"predecessor-version":[{"id":740,"href":"https:\/\/fumorg.com\/en\/wp-json\/wp\/v2\/pages\/535\/revisions\/740"}],"wp:attachment":[{"href":"https:\/\/fumorg.com\/en\/wp-json\/wp\/v2\/media?parent=535"}],"curies":[{"name":"wp","href":"https:\/\/api.w.org\/{rel}","templated":true}]}}